{"id":706,"date":"2020-10-27T09:22:56","date_gmt":"2020-10-27T07:22:56","guid":{"rendered":"https:\/\/serki.es\/?page_id=706"},"modified":"2021-02-01T15:55:12","modified_gmt":"2021-02-01T13:55:12","slug":"politica-cookies","status":"publish","type":"page","link":"https:\/\/serki.es\/en\/politica-cookies","title":{"rendered":"Pol\u00edtica de Cookies"},"content":{"rendered":"<p class=\"has-text-align-center\"><strong>INFORMACI\u00d3N SOBRE COOKIES<\/strong><\/p>\n\n\n\n<p>Debido a la entrada en vigor de la referente modificaci\u00f3n de la &lt;Ley de Servicios de la Sociedad de la Informaci\u00f3n&gt; (LSSICE) establecida por el Real Decreto 13\/2012, es de obligaci\u00f3n obtener el consentimiento expreso del usuario de todas las p\u00e1ginas web que usan cookies prescindibles, antes de que este navegue por ellas.  <\/p>\n\n\n\n<p class=\"has-text-align-center\"><strong>\u00bfQUE SON LAS COOKIES?<\/strong><\/p>\n\n\n\n<p>Las cookies y otras tecnolog\u00edas similares tales como local shared objects, flash cookies o p\u00edxeles, son herramientas empleadas por los servidores Web para almacenar y recuperar informaci\u00f3n acerca de sus visitantes, as\u00ed como para ofrecer un correcto funcionamiento del sitio.<\/p>\n\n\n\n<p>Mediante el uso de estos dispositivos se permite al servidor Web recordar algunos datos concernientes al usuario, como sus preferencias para la visualizaci\u00f3n de las p\u00e1ginas de ese servidor, nombre y contrase\u00f1a, productos que m\u00e1s le interesan, etc.<\/p>\n\n\n\n<p class=\"has-text-align-center\"><strong>COOKIES AFECTADOS POR LA NORMATIVA Y COOKIES EXCEPTUADAS<\/strong><\/p>\n\n\n\n<p>Seg\u00fan la directiva de la UE, las <em>cookies<\/em> que requieren el consentimiento informado por parte del usuario son las <em>cookies<\/em> de anal\u00edtica y las de publicidad y afiliaci\u00f3n, quedando exceptuadas las de car\u00e1cter t\u00e9cnico y las necesarias para el funcionamiento del sitio web o la prestaci\u00f3n de servicios expresamente solicitados por el usuario.<\/p>\n\n\n\n<p class=\"has-text-align-center\"><strong>TIPOS DE COOKIES<\/strong><\/p>\n\n\n\n<p><strong>SEG\u00daN LA FINALIDAD<\/strong><\/p>\n\n\n\n<ul class=\"wp-block-list\"><li><strong><em>Cookies<\/em> t\u00e9cnicas y funcionales<\/strong>: son aquellas que permiten al usuario la navegaci\u00f3n a trav\u00e9s de una p\u00e1gina web, plataforma o aplicaci\u00f3n y la utilizaci\u00f3n de las diferentes opciones o servicios que en ella existan.<\/li><li><strong><em>Cookies<\/em> anal\u00edticas<\/strong>: son aquellas que permiten al responsable de las mismas el seguimiento y an\u00e1lisis del comportamiento de los usuarios de los sitios web a los que est\u00e1n vinculadas. La informaci\u00f3n recogida mediante este tipo de <em>cookies<\/em> se utiliza en la medici\u00f3n de la actividad de los sitios web, aplicaci\u00f3n o plataforma y para la elaboraci\u00f3n de perfiles de navegaci\u00f3n de los usuarios de dichos sitios, aplicaciones y plataformas, con el fin de introducir mejoras en funci\u00f3n del an\u00e1lisis de los datos de uso que hacen los usuarios del servicio.<\/li><li><strong><em>Cookies<\/em> publicitarias<\/strong>: son aquellas que permiten la gesti\u00f3n, de la forma m\u00e1s eficaz posible, de los espacios publicitarios que, en su caso, el editor haya incluido en una p\u00e1gina web, aplicaci\u00f3n o plataforma desde la que presta el servicio solicitado en base a criterios como el contenido editado o la frecuencia en la que se muestran los anuncios.<\/li><li><strong><em>Cookies<\/em> de publicidad comportamental<\/strong>: recogen informaci\u00f3n sobre las preferencias y elecciones personales del usuario (<em>retargeting<\/em>) para permitir la gesti\u00f3n, de la forma m\u00e1s eficaz posible, de los espacios publicitarios que, en s caso, el editor haya incluido en una p\u00e1gina web, aplicaci\u00f3n o plataforma desde la que presta el servicio solicitado.<\/li><li><strong><em>Cookies<\/em> sociales<\/strong>: son establecidas por las plataformas de redes sociales en los servicios para permitirle compartir contenido con sus amigos y redes. Las plataformas de medios sociales tienen la capacidad de rastrear su actividad en l\u00ednea fuera de los Servicios. Esto puede afectar al contenido y los mensajes que ve en otros servicios que visita.<\/li><li><strong><em>Cookies<\/em> de afiliados<\/strong>: permiten hacer un seguimiento de las visitas de otras webs, con las que el sitio web establece un contrato de afiliaci\u00f3n (empresas de afiliaci\u00f3n).<\/li><li><strong><em>Cookies<\/em> de seguridad<\/strong>: almacenan informaci\u00f3n cifrada para evitar que lso datos guardados en ellas sean vulnerables a ataques maliciosos de terceros.<\/li><\/ul>\n\n\n\n<p><strong>SEG\u00daN LA PROPIEDAD<\/strong><\/p>\n\n\n\n<ul class=\"wp-block-list\"><li><strong><em>Cookies<\/em> propias<\/strong>: son aquellas que se env\u00edan al equipo terminal del usuario desde un equipo o dominio gestionado por el propio editor y desde el que se presta el servicio solicitado por el usuario.<\/li><li><strong><em>Cookies<\/em> de terceros<\/strong>: son aquellas que se env\u00edan al equipo terminal del usuario desde un equipo o dominio que no es gestionado por el editor, sino por otra entidad que trata los datos obtenidos a trav\u00e9s de las cookies.<\/li><\/ul>\n\n\n\n<p><strong>SEG\u00daN EL PLAZO DE CONSERVACI\u00d3N<\/strong><\/p>\n\n\n\n<ul class=\"wp-block-list\"><li><strong><em>Cookies <\/em>de sesi\u00f3n<\/strong>: son un tipo de <em>cookies<\/em> dise\u00f1adas para recabar y almacenar datos mientras el usuario accede a una p\u00e1gina web.<\/li><li><strong><em>Cookies<\/em> persistentes<\/strong>: son un tipo de <em>cookies<\/em> en el que los datos siguen almacenados en el terminal y pueden ser accedidos y tratados durante un per\u00edodo definido por el responsable de la <em>cookie<\/em>, y que puede ir de unos minutos a varios a\u00f1os.<\/li><\/ul>\n\n\n\n<p class=\"has-text-align-center\"><strong>TRATAMIENTO DE DATOS PERSONALES<\/strong><\/p>\n\n\n\n<p>SERKI INSTALACIONES Y SERVICIOS, S.L. es el <strong>Responsable del tratamiento<\/strong> de los datos personales del <strong>Interesado<\/strong> y le informa de que estos datos ser\u00e1n tratados de conformidad con lo dispuesto en el Reglamento (UE) 2016\/679, de 27 de abril de 2016 (gdpr), por lo que se le facilita la siguiente informaci\u00f3n del tratamiento:<\/p>\n\n\n\n<p><strong>Fines del tratamiento<\/strong>: seg\u00fan se especifica en el apartado de <em>cookies<\/em> que se utilizan en este sitio web.<\/p>\n\n\n\n<p><strong>Legitimaci\u00f3n del tratamiento<\/strong>: por consentimiento del interesado (art. 6.1 GDPR).<\/p>\n\n\n\n<p><strong>Criterios de conservaci\u00f3n de los datos<\/strong>: seg\u00fan se especifica en el apartado de <em>cookies<\/em> utilizadas en la web.<\/p>\n\n\n\n<p><strong>Comunicaci\u00f3n de los datos<\/strong>: no se comunicar\u00e1n los datos a terceros, excepto en <em>cookies<\/em> propiedad de terceros o por obligaci\u00f3n legal.<\/p>\n\n\n\n<p><strong>Derechos que asisten al Interesado<\/strong>:<\/p>\n\n\n\n<ul class=\"wp-block-list\"><li>Derecho a retirar el consentimiento en cualquier momento.<\/li><li>Derecho de acceso, rectificaci\u00f3n, portabilidad y supresi\u00f3n de sus datos, y de limitaci\u00f3n u oposici\u00f3n a su tratmiento.<\/li><li>Derecho a presentar una reclamaci\u00f3n ante la Autoridad de control (www.aepd.es) si considera que el tratamiento no se ajunta a la normativa vigente.<\/li><\/ul>\n\n\n\n<p><strong>Datos de contacto para ejercer sus derechos:<\/strong><\/p>\n\n\n\n<p>SERKI INSTALACIONES Y SERVICIOS, S.L. AVENIDA DEL ALTET, 29 &#8211; 03208 ELCHE (Alicante). Email: contabilidad@serki.es<\/p>\n\n\n\n<p class=\"has-text-align-center\"><strong>COOKIES UTILIZADAS EN ESTE SITIO WEB<\/strong><\/p>\n\n\n\n<p>Desde este panel podr\u00e1 configurar las cookies que el sitio web puede instalar en su navegador, excepto las cookies t\u00e9cnicas o funcionales que son necesarias para la navegaci\u00f3n y la utilizaci\u00f3n de las diferentes opciones o servicios que se ofrecen.<\/p>\n\n\n\n<p>Las cookies seleccionadas indican que el usuario autoriza la instalaci\u00f3n en su navegador y el tratamiento de datos bajo las condiciones reflejadas en la Pol\u00edtica de cookies.<\/p>\n\n\n\n<p class=\"has-text-align-left\">El usuario puede marcar o desmarcar el selector seg\u00fan se desee aceptar o rechazar la instalaci\u00f3n de cookies.<\/p>\n\n\n\n<p class=\"has-text-align-center\"><strong>COOKIES CONTROLADAS POR EL EDITOR<\/strong><\/p>\n\n\n\n<p class=\"has-text-align-center\"><strong>T\u00e9cnicas y funcionales<\/strong><\/p>\n\n\n\n<figure class=\"wp-block-table\"><table><thead><tr><th>Propiedad<\/th><th>cookie<\/th><th>finalidad<\/th><th>plazo<\/th><\/tr><\/thead><tbody><tr><td>doubleclick.net<\/td><td><strong>RUL<\/strong><\/td><td>Cookie necesaria para la utilizaci\u00f3n de las opciones y servicios del sitio web<\/td><td>en un a\u00f1o<\/td><\/tr><tr><td>google.com<\/td><td><strong>CONSENT<\/strong><\/td><td>Rastreador de consentimiento de cookies de Google<\/td><td>en 17 a\u00f1os<\/td><\/tr><tr><td>google.fr<\/td><td><strong>CONSENT<\/strong><\/td><td>Rastreador de consentimiento de cookies de Google<\/td><td>en 17 a\u00f1os<\/td><\/tr><tr><td>serki.es<\/td><td><strong>_gat_gtag_UA_109656523_1<\/strong><\/td><td>Cookie necesaria para la utilizaci\u00f3n de las opciones y servicios del sitio web<\/td><td>Sesi\u00f3n<\/td><\/tr><tr><td>serki.es<\/td><td><strong>cookie_consent<\/strong><\/td><td>Cookie necesaria para la utilizaci\u00f3n de las opciones y servicios del sitio web<\/td><td>Sesi\u00f3n<\/td><\/tr><\/tbody><\/table><\/figure>\n\n\n\n<div class=\"wp-block-columns is-layout-flex wp-container-core-columns-is-layout-9d6595d7 wp-block-columns-is-layout-flex\">\n<div class=\"wp-block-column is-layout-flow wp-block-column-is-layout-flow\" style=\"flex-basis:66.66%\">\n<p><\/p>\n\n\n\n<p class=\"has-text-align-center\"><strong>Anal\u00edticas<\/strong><\/p>\n<\/div>\n\n\n\n<div class=\"wp-block-column is-layout-flow wp-block-column-is-layout-flow\" style=\"flex-basis:33.33%\">\n<div class=\"wp-block-themeisle-blocks-service\">\n<p><\/p>\n<\/div>\n\n\n\n<p class=\"has-text-align-center\">Activar\/desactivar Todas <\/p>\n<\/div>\n<\/div>\n\n\n\n<figure class=\"wp-block-table\"><table><thead><tr><th>propiedad<\/th><th>cookie<\/th><th>finalidad<\/th><th>plazo<\/th><\/tr><\/thead><tbody><tr><td>serki.es<\/td><td><strong>_ga<\/strong><\/td><td>ID utiliza para identificar a los usuarios<\/td><td>en un a\u00f1o<\/td><\/tr><tr><td>serki.es<\/td><td><strong>_gid<\/strong><\/td><td>ID utilizada para identificar a los usuarios durante 24 horas despu\u00e9s de la \u00faltima actividad<\/td><td>en 22 horas<\/td><\/tr><\/tbody><\/table><\/figure>\n\n\n\n<div class=\"wp-block-columns is-layout-flex wp-container-core-columns-is-layout-9d6595d7 wp-block-columns-is-layout-flex\">\n<div class=\"wp-block-column is-layout-flow wp-block-column-is-layout-flow\" style=\"flex-basis:66.66%\">\n<p><\/p>\n\n\n\n<p class=\"has-text-align-center\"><strong>Publicitarias<\/strong><\/p>\n<\/div>\n\n\n\n<div class=\"wp-block-column is-layout-flow wp-block-column-is-layout-flow\" style=\"flex-basis:33.33%\">\n<div class=\"wp-block-themeisle-blocks-service\">\n<p><\/p>\n<\/div>\n\n\n\n<p class=\"has-text-align-center\">Activar\/desactivar Todas<\/p>\n<\/div>\n<\/div>\n\n\n\n<figure class=\"wp-block-table\"><table><thead><tr><th>propiedad<\/th><th>cookie<\/th><th>finalidad<\/th><th>plazo<\/th><\/tr><\/thead><tbody><tr><td>doubleclick.net<\/td><td><strong>IDE<\/strong><\/td><td>Esta cookie se utiliza para la orientaci\u00f3n, el an\u00e1lisis y la optimizaci\u00f3n de las campa\u00f1as publicitarias en DoubleClick \/ Google Marketing Suite<\/td><td>en un a\u00f1o<\/td><\/tr><tr><td>google.com<\/td><td><strong>1P_JAR<\/strong><\/td><td>Estas cookies se establecen a trav\u00e9s de v\u00eddeos de youtube incrustados. Registran los datos estad\u00edsticos an\u00f3nimos sobre, por ejemplo, cu\u00e1ntas veces se reproduce el v\u00eddeo y las configuraciones que se utilizan para la reproducci\u00f3n.<\/td><td>en un mes<\/td><\/tr><tr><td>google.com<\/td><td><strong>ANID<\/strong><\/td><td>Google utiliza estos cookies para hacer publicidad m\u00e1s atractiva para los usuarios y m\u00e1s valiosa para los editores y anunciantes.<\/td><td>en un a\u00f1o<\/td><\/tr><tr><td>google.com<\/td><td><strong>NID<\/strong><\/td><td>Estas cookies se utilizan para recopilar estad\u00edsticas del sitio web y rastrear las tasas de conversi\u00f3n y la personalizaci\u00f3n de anuncios de Google<\/td><td>en 7 meses<\/td><\/tr><tr><td>google.com<\/td><td><strong>OTZ<\/strong><\/td><td>An\u00e1lisis agregado de los visitantes del sitio<\/td><td>en un mes<\/td><\/tr><tr><td>google.fr<\/td><td><strong>NID<\/strong><\/td><td>Estas cookies se utilizan para recopilar estad\u00edsticas del sitio web y rastrear las tasas de conversi\u00f3n y la personalizaci\u00f3n de anuncios de Google<\/td><td>en 7 meses<\/td><\/tr><\/tbody><\/table><\/figure>\n\n\n\n<p class=\"has-text-align-center\"><strong>COOKIES DE TERCEROS<\/strong><\/p>\n\n\n\n<p>Los servicios de terceros son ajenos al control del editor. Los proveedores pueden modificar en todo momento sus condiciones de servicis, finalidad y utilizaci\u00f3n de las cookies, etc.<\/p>\n\n\n\n<p><strong>Proveedores externos de este sitio web:<\/strong><\/p>\n\n\n\n<figure class=\"wp-block-table\"><table><thead><tr><th>editor<\/th><th>pol\u00edtica de privacidad<\/th><\/tr><\/thead><tbody><tr><td>DoubleClick\/Google Marketing<\/td><td>https:\/\/privacy.google.com\/take-control.html<\/td><\/tr><tr><td>Google Analytics<\/td><td>https:\/\/privacy.google.com\/take-control.html<\/td><\/tr><tr><td>Google<\/td><td>https:\/\/privacy.google.com\/take-control.html<\/td><\/tr><\/tbody><\/table><\/figure>\n\n\n\n<p class=\"has-text-align-center\"><strong>C\u00d3MO GESTIONAR LAS COOKIES DESDE EL NAVEGADOR<\/strong><\/p>\n\n\n\n<figure class=\"wp-block-table\"><table><tbody><tr><td>Eliminar las cookies del dispositivo<\/td><td>Las cookies que ya est\u00e1n en un dispositivo se pueden eliminar borrando el historial del navegador, con lo que se suprimen las cookies de todos los sitios web visitados. Sin embargo, tambi\u00e9n se puede perder parte de la informaci\u00f3n guardada (por ejemplo, los datos de inicio de sesi\u00f3n o las preferencias de sitio web).<\/td><\/tr><tr><td>Gestionar las cookies espec\u00edficas del sitios<\/td><td>Para tener un control m\u00e1s preciso de las cookies espec\u00edficas de cada sitio, los usuarios pueden ajustar su configuraci\u00f3n de privacidad y cookies en el navegador.<\/td><\/tr><tr><td>Bloquear las cookies<\/td><td>Aunque la mayor\u00eda de los navegadores modernos se pueden configurar para evitar que se instalen cookies en los dispositivos, eso puede obligar al ajuste manual de determinadas preferencias cada vez que se visite  un sitio o p\u00e1gina. Adem\u00e1s, algunos servicios y caracter\u00edsticas pueden no funcionar correctamente (por ejemplo, los inicios de sesi\u00f3n con perfil).<\/td><\/tr><\/tbody><\/table><\/figure>\n\n\n\n<p class=\"has-text-align-center\"><strong>C\u00d3MO ELIMINAR LAS COOKIES DE LOS NAVEGADORES M\u00c1S COMUNES<\/strong><\/p>\n\n\n\n<figure class=\"wp-block-table\"><table><tbody><tr><td><strong>Chome<\/strong><\/td><td>http:\/\/support.google.com\/chrome\/answer\/95647?hl=es<\/td><\/tr><tr><td><strong>Internet Explorer. Versi\u00f3n 11<\/strong><\/td><td>https:\/\/support.microsoft.com\/es-es\/help\/278835\/how-to-delete-cookie-files-in-internet-explorer<\/td><\/tr><tr><td><strong>Firefox. Versi\u00f3n 65.0.1<\/strong><\/td><td>https:\/\/www.mozilla.org\/es-ES\/privacy\/website\/#cookies<\/td><\/tr><tr><td><strong>Safari Versi\u00f3n 5.1<\/strong><\/td><td>https:\/\/support.apple.com\/es-es\/quide\/safari\/sfri11471\/mac<\/td><\/tr><tr><td><strong>Opera<\/strong><\/td><td>https:\/\/help.opera.com\/en\/latest\/security-and-privacy\/#clearBrowsingData<\/td><\/tr><\/tbody><\/table><\/figure>","protected":false},"excerpt":{"rendered":"<p>INFORMACI\u00d3N SOBRE COOKIES Debido a la entrada en vigor de la referente modificaci\u00f3n de la &lt;Ley de Servicios de la Sociedad de la Informaci\u00f3n&gt; (LSSICE) establecida por el Real Decreto 13\/2012, es<a class=\"moretag\" href=\"https:\/\/serki.es\/en\/politica-cookies\">Read More&#8230;<\/a><\/p>","protected":false},"author":2,"featured_media":0,"parent":0,"menu_order":0,"comment_status":"closed","ping_status":"closed","template":"","meta":{"_et_pb_use_builder":"","_et_pb_old_content":"","_et_gb_content_width":"","footnotes":""},"class_list":["post-706","page","type-page","status-publish","hentry"],"_links":{"self":[{"href":"https:\/\/serki.es\/en\/wp-json\/wp\/v2\/pages\/706","targetHints":{"allow":["GET"]}}],"collection":[{"href":"https:\/\/serki.es\/en\/wp-json\/wp\/v2\/pages"}],"about":[{"href":"https:\/\/serki.es\/en\/wp-json\/wp\/v2\/types\/page"}],"author":[{"embeddable":true,"href":"https:\/\/serki.es\/en\/wp-json\/wp\/v2\/users\/2"}],"replies":[{"embeddable":true,"href":"https:\/\/serki.es\/en\/wp-json\/wp\/v2\/comments?post=706"}],"version-history":[{"count":7,"href":"https:\/\/serki.es\/en\/wp-json\/wp\/v2\/pages\/706\/revisions"}],"predecessor-version":[{"id":916,"href":"https:\/\/serki.es\/en\/wp-json\/wp\/v2\/pages\/706\/revisions\/916"}],"wp:attachment":[{"href":"https:\/\/serki.es\/en\/wp-json\/wp\/v2\/media?parent=706"}],"curies":[{"name":"wp","href":"https:\/\/api.w.org\/{rel}","templated":true}]}}