{"id":430,"date":"2020-04-27T10:14:59","date_gmt":"2020-04-27T08:14:59","guid":{"rendered":"https:\/\/serki.es\/?page_id=430"},"modified":"2020-04-28T11:57:21","modified_gmt":"2020-04-28T09:57:21","slug":"instalacion-montajes","status":"publish","type":"page","link":"https:\/\/serki.es\/en\/conocenos\/que-hacemos\/instalacion-montajes","title":{"rendered":"Installation and assembly"},"content":{"rendered":"<div class=\"wp-block-columns is-layout-flex wp-container-core-columns-is-layout-9d6595d7 wp-block-columns-is-layout-flex\">\n<div class=\"wp-block-column is-layout-flow wp-block-column-is-layout-flow\">\n<div class=\"wp-block-image is-style-rounded\"><figure class=\"aligncenter size-medium is-resized\"><a class=\"ascensoreselectricos\" href=\"#ascensoreselectricos\"><img loading=\"lazy\" decoding=\"async\" src=\"https:\/\/serki.es\/wp-content\/uploads\/2020\/04\/62072-ascensor-300x169.jpg\" alt=\"Ascensor\" class=\"wp-image-11\" width=\"253\" height=\"145\" title=\"Lifts\"\/><\/a><\/figure><\/div>\n\n\n\n<p class=\"has-text-align-center has-medium-font-size\"><strong>Lifts<\/strong><\/p>\n<\/div>\n\n\n\n<div class=\"wp-block-column is-layout-flow wp-block-column-is-layout-flow\">\n<div class=\"wp-block-image is-style-rounded\"><figure class=\"aligncenter size-large is-resized\"><a href=\"#montacargas\"><img loading=\"lazy\" decoding=\"async\" src=\"https:\/\/serki.es\/wp-content\/uploads\/2020\/04\/montacargas-1.png\" alt=\"\" class=\"wp-image-476\" width=\"253\" height=\"145\"\/><\/a><\/figure><\/div>\n\n\n\n<p class=\"has-text-align-center has-medium-font-size\"><strong>Lift truck<\/strong><\/p>\n<\/div>\n\n\n\n<div class=\"wp-block-column is-layout-flow wp-block-column-is-layout-flow\">\n<div class=\"wp-block-image is-style-rounded\"><figure class=\"aligncenter size-medium is-resized\"><a href=\"#accesibilidad\"><img loading=\"lazy\" decoding=\"async\" src=\"https:\/\/serki.es\/wp-content\/uploads\/2020\/04\/AdobeStock_63508516-300x200.jpeg\" alt=\"Plataforma salvaescalera\" class=\"wp-image-42\" width=\"253\" height=\"145\"\/><\/a><\/figure><\/div>\n\n\n\n<p class=\"has-text-align-center has-medium-font-size\"><strong>Accessibility \/ Elimination of architectural barriers<\/strong><\/p>\n<\/div>\n<\/div>\n\n\n\n<div class=\"wp-block-group has-very-light-gray-background-color has-background\"><div class=\"wp-block-group__inner-container is-layout-flow wp-block-group-is-layout-flow\">\n<div class=\"wp-block-group\"><div class=\"wp-block-group__inner-container is-layout-flow wp-block-group-is-layout-flow\">\n<div class=\"wp-block-group\"><div class=\"wp-block-group__inner-container is-layout-flow wp-block-group-is-layout-flow\">\n<p><\/p>\n\n\n\n<div class=\"wp-block-group\"><div class=\"wp-block-group__inner-container is-layout-flow wp-block-group-is-layout-flow\">\n<div class=\"wp-block-group has-very-light-gray-background-color has-background\" id=\"ascensoreselectricos\"><div class=\"wp-block-group__inner-container is-layout-flow wp-block-group-is-layout-flow\">\n<div class=\"wp-block-group\"><div class=\"wp-block-group__inner-container is-layout-flow wp-block-group-is-layout-flow\">\n<p class=\"has-text-align-center has-huge-font-size\">Electric lifts<\/p>\n<\/div><\/div>\n\n\n\n<p class=\"has-medium-font-size\"><strong>Gearless<\/strong><\/p>\n\n\n\n<ol class=\"wp-block-list\"><li><strong>GEARLESS WITHOUT MACHINE ROOM<\/strong><ul><li>Focused on providing lifting solutions to buildings, it is an elevator with the highest level of energy efficiency, backed by LEVEL A CERTIFICATION in the VDI energy classification<\/li><\/ul><\/li><li><strong>GEARLESS WITH MACHINE ROOM<\/strong><ul><li><strong>\u200b<\/strong>Designed to improve energy efficiency, both for existing elevators and for new installations with a machine room. The ideal solution for modernization or replacement<\/li><\/ul><\/li><\/ol>\n\n\n\n<p class=\"has-medium-font-size\"><strong>With reducing machine<\/strong><\/p>\n\n\n\n<ul class=\"wp-block-list\"><li>With electrical technology and a machine with a reducer, it has a machine room, which makes maintenance work easier. Its proven functionality and ease of maintenance make it a reliable and efficient elevator.<\/li><\/ul>\n<\/div><\/div>\n<\/div><\/div>\n<\/div><\/div>\n<\/div><\/div>\n\n\n\n<div class=\"wp-block-buttons aligncenter is-layout-flex wp-block-buttons-is-layout-flex\">\n<div class=\"wp-block-button\"><a class=\"wp-block-button__link has-text-color has-very-light-gray-color has-background\" href=\"https:\/\/serki.es\/en\/formulario-contacto-instalacion\/\" style=\"background-color:#099350\">I want a quote<\/a><\/div>\n\n\n\n<div class=\"wp-block-button is-style-outline is-style-outline--2\"><a class=\"wp-block-button__link has-text-color has-very-dark-gray-color has-background has-very-light-gray-background-color\" href=\"https:\/\/serki.es\/en\/contacto\/\">I want more information<\/a><\/div>\n<\/div>\n<\/div><\/div>\n\n\n\n<figure class=\"wp-block-gallery columns-3 is-cropped wp-block-gallery-3 is-layout-flex wp-block-gallery-is-layout-flex\"><ul class=\"blocks-gallery-grid\"><li class=\"blocks-gallery-item\"><figure><img loading=\"lazy\" decoding=\"async\" width=\"1024\" height=\"768\" src=\"https:\/\/serki.es\/wp-content\/uploads\/2020\/04\/img_20190428_143249-1024x768.jpg\" alt=\"\" data-id=\"497\" data-full-url=\"https:\/\/serki.es\/wp-content\/uploads\/2020\/04\/img_20190428_143249-scaled.jpg\" data-link=\"https:\/\/serki.es\/que-hacemos\/instalacion-montajes\/img_20190428_143249\" class=\"wp-image-497\" srcset=\"https:\/\/serki.es\/wp-content\/uploads\/2020\/04\/img_20190428_143249-1024x768.jpg 1024w, https:\/\/serki.es\/wp-content\/uploads\/2020\/04\/img_20190428_143249-300x225.jpg 300w, https:\/\/serki.es\/wp-content\/uploads\/2020\/04\/img_20190428_143249-768x576.jpg 768w, https:\/\/serki.es\/wp-content\/uploads\/2020\/04\/img_20190428_143249-1536x1152.jpg 1536w, https:\/\/serki.es\/wp-content\/uploads\/2020\/04\/img_20190428_143249-2048x1536.jpg 2048w\" sizes=\"auto, (max-width: 1024px) 100vw, 1024px\" \/><figcaption class=\"blocks-gallery-item__caption\">Unloading of elevator in the community of owners<\/figcaption><\/figure><\/li><li class=\"blocks-gallery-item\"><figure><img loading=\"lazy\" decoding=\"async\" width=\"1024\" height=\"766\" src=\"https:\/\/serki.es\/wp-content\/uploads\/2020\/04\/montajes-1024x766.jpg\" alt=\"Montajes\" data-id=\"480\" data-full-url=\"https:\/\/serki.es\/wp-content\/uploads\/2020\/04\/montajes.jpg\" data-link=\"https:\/\/serki.es\/montajes\" class=\"wp-image-480\" srcset=\"https:\/\/serki.es\/wp-content\/uploads\/2020\/04\/montajes-1024x766.jpg 1024w, https:\/\/serki.es\/wp-content\/uploads\/2020\/04\/montajes-300x224.jpg 300w, https:\/\/serki.es\/wp-content\/uploads\/2020\/04\/montajes-768x574.jpg 768w, https:\/\/serki.es\/wp-content\/uploads\/2020\/04\/montajes.jpg 1440w\" sizes=\"auto, (max-width: 1024px) 100vw, 1024px\" \/><figcaption class=\"blocks-gallery-item__caption\">Technician in an elevator assembly<\/figcaption><\/figure><\/li><li class=\"blocks-gallery-item\"><figure><img loading=\"lazy\" decoding=\"async\" width=\"1024\" height=\"768\" src=\"https:\/\/serki.es\/wp-content\/uploads\/2020\/04\/img_20190426_100651-1024x768.jpg\" alt=\"\" data-id=\"496\" data-full-url=\"https:\/\/serki.es\/wp-content\/uploads\/2020\/04\/img_20190426_100651-scaled.jpg\" data-link=\"https:\/\/serki.es\/que-hacemos\/instalacion-montajes\/img_20190426_100651\" class=\"wp-image-496\" srcset=\"https:\/\/serki.es\/wp-content\/uploads\/2020\/04\/img_20190426_100651-1024x768.jpg 1024w, https:\/\/serki.es\/wp-content\/uploads\/2020\/04\/img_20190426_100651-300x225.jpg 300w, https:\/\/serki.es\/wp-content\/uploads\/2020\/04\/img_20190426_100651-768x576.jpg 768w, https:\/\/serki.es\/wp-content\/uploads\/2020\/04\/img_20190426_100651-1536x1152.jpg 1536w, https:\/\/serki.es\/wp-content\/uploads\/2020\/04\/img_20190426_100651-2048x1536.jpg 2048w\" sizes=\"auto, (max-width: 1024px) 100vw, 1024px\" \/><figcaption class=\"blocks-gallery-item__caption\">Unloading of elevator in community of owners<\/figcaption><\/figure><\/li><\/ul><\/figure>\n\n\n\n<p class=\"has-text-align-center has-huge-font-size\">Hydraulic Lifts<\/p>\n\n\n\n<p>It is the ideal solution in low-rise buildings and medium-low traffic. Versatile and adaptable, both for new constructions and for reforms or renovations of buildings. Excellent performance in hollow and environmentally friendly. Its adaptability allows to obtain the maximum performance from spaces with reduced spaces, allowing wide cabins in reduced spaces.&nbsp; &nbsp;&nbsp;<\/p>\n\n\n\n<div class=\"wp-block-buttons aligncenter is-layout-flex wp-block-buttons-is-layout-flex\">\n<div class=\"wp-block-button\"><a class=\"wp-block-button__link has-text-color has-very-light-gray-color has-background\" href=\"https:\/\/serki.es\/en\/formulario-contacto-instalacion\/\" style=\"background-color:#099350\">I want a quote<\/a><\/div>\n\n\n\n<div class=\"wp-block-button is-style-outline is-style-outline--4\"><a class=\"wp-block-button__link has-text-color has-very-dark-gray-color has-background has-very-light-gray-background-color\" href=\"https:\/\/serki.es\/en\/contacto\/\">I want more information<\/a><\/div>\n<\/div>\n\n\n\n<div class=\"wp-block-group has-very-light-gray-background-color has-background\"><div class=\"wp-block-group__inner-container is-layout-flow wp-block-group-is-layout-flow\">\n<div class=\"wp-block-group has-very-light-gray-background-color has-background\" id=\"montacargas\"><div class=\"wp-block-group__inner-container is-layout-flow wp-block-group-is-layout-flow\">\n<p class=\"has-text-align-center has-huge-font-size\">Lift truck<\/p>\n\n\n\n<p>Robust cabins and adaptable to any load and environment<\/p>\n\n\n\n<div class=\"wp-block-image is-style-default\"><figure class=\"aligncenter size-large\"><img loading=\"lazy\" decoding=\"async\" width=\"627\" height=\"430\" src=\"https:\/\/serki.es\/wp-content\/uploads\/2020\/04\/montacargas-1.png\" alt=\"\" class=\"wp-image-476\" srcset=\"https:\/\/serki.es\/wp-content\/uploads\/2020\/04\/montacargas-1.png 627w, https:\/\/serki.es\/wp-content\/uploads\/2020\/04\/montacargas-1-300x206.png 300w\" sizes=\"auto, (max-width: 627px) 100vw, 627px\" \/><figcaption>Forklift cab<\/figcaption><\/figure><\/div>\n<\/div><\/div>\n\n\n\n<div class=\"wp-block-buttons aligncenter is-layout-flex wp-block-buttons-is-layout-flex\">\n<div class=\"wp-block-button\"><a class=\"wp-block-button__link has-text-color has-very-light-gray-color has-background\" href=\"https:\/\/serki.es\/en\/formulario-contacto-instalacion\/\" style=\"background-color:#099350\">I want a quote<\/a><\/div>\n\n\n\n<div class=\"wp-block-button is-style-outline is-style-outline--5\"><a class=\"wp-block-button__link has-text-color has-very-dark-gray-color has-background has-very-light-gray-background-color\" href=\"https:\/\/serki.es\/en\/contacto\/\">I want more information<\/a><\/div>\n<\/div>\n<\/div><\/div>\n\n\n\n<div class=\"wp-block-group\" id=\"accesibilidad\"><div class=\"wp-block-group__inner-container is-layout-flow wp-block-group-is-layout-flow\">\n<div class=\"wp-block-group\"><div class=\"wp-block-group__inner-container is-layout-flow wp-block-group-is-layout-flow\">\n<p class=\"has-text-align-center has-huge-font-size\">Accessibility<\/p>\n\n\n\n<p class=\"has-text-align-center has-large-font-size\">Elimination of Architectural Barriers<\/p>\n<\/div><\/div>\n\n\n\n<p>Experts in removing architectural barriers in buildings, preparing personalized technical studies according to the needs of the client and \/ or the neighborhood community.&nbsp;<\/p>\n\n\n\n<figure class=\"wp-block-gallery columns-2 is-cropped wp-block-gallery-6 is-layout-flex wp-block-gallery-is-layout-flex\"><ul class=\"blocks-gallery-grid\"><li class=\"blocks-gallery-item\"><figure><img loading=\"lazy\" decoding=\"async\" width=\"1024\" height=\"683\" src=\"https:\/\/serki.es\/wp-content\/uploads\/2020\/04\/AdobeStock_63508516-1024x683.jpeg\" alt=\"Plataforma salvaescalera\" data-id=\"42\" data-full-url=\"https:\/\/serki.es\/wp-content\/uploads\/2020\/04\/AdobeStock_63508516-scaled.jpeg\" data-link=\"https:\/\/serki.es\/cpo_slide\/__trashed\/elevator-for-the-disabled\" class=\"wp-image-42\" srcset=\"https:\/\/serki.es\/wp-content\/uploads\/2020\/04\/AdobeStock_63508516-1024x683.jpeg 1024w, https:\/\/serki.es\/wp-content\/uploads\/2020\/04\/AdobeStock_63508516-300x200.jpeg 300w, https:\/\/serki.es\/wp-content\/uploads\/2020\/04\/AdobeStock_63508516-768x512.jpeg 768w, https:\/\/serki.es\/wp-content\/uploads\/2020\/04\/AdobeStock_63508516-1536x1024.jpeg 1536w, https:\/\/serki.es\/wp-content\/uploads\/2020\/04\/AdobeStock_63508516-2048x1365.jpeg 2048w\" sizes=\"auto, (max-width: 1024px) 100vw, 1024px\" \/><figcaption class=\"blocks-gallery-item__caption\">Stair lift platform<\/figcaption><\/figure><\/li><li class=\"blocks-gallery-item\"><figure><img loading=\"lazy\" decoding=\"async\" width=\"1000\" height=\"667\" src=\"https:\/\/serki.es\/wp-content\/uploads\/2020\/04\/img17849-1.jpg\" alt=\"\" data-id=\"504\" data-full-url=\"https:\/\/serki.es\/wp-content\/uploads\/2020\/04\/img17849-1.jpg\" data-link=\"https:\/\/serki.es\/que-hacemos\/instalacion-montajes\/img17849-1\" class=\"wp-image-504\" srcset=\"https:\/\/serki.es\/wp-content\/uploads\/2020\/04\/img17849-1.jpg 1000w, https:\/\/serki.es\/wp-content\/uploads\/2020\/04\/img17849-1-300x200.jpg 300w, https:\/\/serki.es\/wp-content\/uploads\/2020\/04\/img17849-1-768x512.jpg 768w\" sizes=\"auto, (max-width: 1000px) 100vw, 1000px\" \/><figcaption class=\"blocks-gallery-item__caption\">Stairlift Chair<\/figcaption><\/figure><\/li><\/ul><\/figure>\n<\/div><\/div>\n\n\n\n<div class=\"wp-block-buttons aligncenter is-layout-flex wp-block-buttons-is-layout-flex\">\n<div class=\"wp-block-button\"><a class=\"wp-block-button__link has-text-color has-very-light-gray-color has-background\" href=\"https:\/\/serki.es\/en\/formulario-contacto-instalacion\/\" style=\"background-color:#099350\">I want a quote<\/a><\/div>\n\n\n\n<div class=\"wp-block-button is-style-outline is-style-outline--7\"><a class=\"wp-block-button__link has-text-color has-very-dark-gray-color has-background has-very-light-gray-background-color\" href=\"https:\/\/serki.es\/en\/contacto\/\">I want more information<\/a><\/div>\n<\/div>\n\n\n\n<p><\/p>","protected":false},"excerpt":{"rendered":"<p>Ascensores Montacargas Accesibilidad \/ Eliminaci\u00f3n barreras arquitect\u00f3nicas Ascensores El\u00e9ctricos Gearless GEARLESS SIN CUARTO DE M\u00c1QUINAS\u200b\u200b\u200b \u200b\u200bEnfocado a dar soluciones de elevaci\u00f3n a edificios, es un ascensor con el m\u00e1s alto nivel de<a class=\"moretag\" href=\"https:\/\/serki.es\/en\/conocenos\/que-hacemos\/instalacion-montajes\">Read More&#8230;<\/a><\/p>","protected":false},"author":1,"featured_media":0,"parent":15,"menu_order":0,"comment_status":"closed","ping_status":"closed","template":"","meta":{"_et_pb_use_builder":"","_et_pb_old_content":"","_et_gb_content_width":"","footnotes":""},"class_list":["post-430","page","type-page","status-publish","hentry"],"_links":{"self":[{"href":"https:\/\/serki.es\/en\/wp-json\/wp\/v2\/pages\/430","targetHints":{"allow":["GET"]}}],"collection":[{"href":"https:\/\/serki.es\/en\/wp-json\/wp\/v2\/pages"}],"about":[{"href":"https:\/\/serki.es\/en\/wp-json\/wp\/v2\/types\/page"}],"author":[{"embeddable":true,"href":"https:\/\/serki.es\/en\/wp-json\/wp\/v2\/users\/1"}],"replies":[{"embeddable":true,"href":"https:\/\/serki.es\/en\/wp-json\/wp\/v2\/comments?post=430"}],"version-history":[{"count":17,"href":"https:\/\/serki.es\/en\/wp-json\/wp\/v2\/pages\/430\/revisions"}],"predecessor-version":[{"id":1001,"href":"https:\/\/serki.es\/en\/wp-json\/wp\/v2\/pages\/430\/revisions\/1001"}],"up":[{"embeddable":true,"href":"https:\/\/serki.es\/en\/wp-json\/wp\/v2\/pages\/15"}],"wp:attachment":[{"href":"https:\/\/serki.es\/en\/wp-json\/wp\/v2\/media?parent=430"}],"curies":[{"name":"wp","href":"https:\/\/api.w.org\/{rel}","templated":true}]}}