{"id":401,"date":"2020-04-22T17:42:01","date_gmt":"2020-04-22T15:42:01","guid":{"rendered":"https:\/\/serki.es\/?page_id=401"},"modified":"2022-07-08T09:11:28","modified_gmt":"2022-07-08T07:11:28","slug":"politica-calidad","status":"publish","type":"page","link":"https:\/\/serki.es\/en\/politica-calidad","title":{"rendered":"Quality Politics"},"content":{"rendered":"<p>ASCENSORES SERKI desde su constituci\u00f3n ha basado su oferta profesional en el mantenimiento, reparaci\u00f3n e instalaci\u00f3n de ascensores hidr\u00e1ulicos y el\u00e9ctricos, plataformas elevadoras y mantenimiento y reparaci\u00f3n de montacohes, ofreciendo siempre como argumento prioritario a sus clientes la seriedad y calidad del servicio prestado. Somos una empresa joven, ubicada en Elche, con miras de expansi\u00f3n en los pr\u00f3ximos a\u00f1os y con prop\u00f3sito de posicionarnos como empresa l\u00edder en nuestra provincia tanto en mantenimiento como en instalaci\u00f3n de ascensores. Tenemos una dilatada experiencia en el sector, y .enfocamos nuestro Sistema de Gesti\u00f3n de la Calidad como una manera de organizar la vida &nbsp;empresarial, fundament\u00e1ndolo en unos pilares b\u00e1sicos como son la calidad de su servicio, la gesti\u00f3n de sus procesos, la mejora continua y la satisfacci\u00f3n del cliente.<\/p>\n\n\n\n<p>&nbsp;&nbsp;&nbsp;&nbsp;&nbsp;&nbsp;&nbsp;&nbsp;&nbsp;&nbsp;&nbsp;&nbsp;&nbsp;&nbsp;&nbsp; ASCENSORES SERKI es el resultado de nuestro trabajo. El convencimiento que transmiten nuestras capacidades y cualidades se asienta en nuestros clientes a medida que constatan nuestra aptitud en los servicios que prestamos. En ASCENSORES SERKI nos preocupamos porque d\u00eda a d\u00eda este sentimiento se consolide. Para ello la Direcci\u00f3n se compromete en el desarrollo de unas buenas pr\u00e1cticas profesionales.<\/p>\n\n\n\n<p>&nbsp;&nbsp;&nbsp;&nbsp;&nbsp;&nbsp;&nbsp;&nbsp;&nbsp;&nbsp;&nbsp;&nbsp;&nbsp;&nbsp;&nbsp; La diferenciaci\u00f3n nuestra est\u00e1 basada en la calidad ofrecida en nuestros servicios y sus procesos, apoyada en su Sistema de Gesti\u00f3n de la Calidad seg\u00fan la norma UNE-EN ISO 9001:2015. Los pilares sobre los que se sustenta el Sistema de Gesti\u00f3n de la Calidad de ASCENSORES SERKI se exponen a continuaci\u00f3n:<\/p>\n\n\n\n<ol class=\"wp-block-list\"><li>Se establece el compromiso de cumplir los requisitos del cliente, y as\u00ed poder satisfacer sus necesidades, y los requisitos legales aplicables a esta empresa. Consideramos a nuestros clientes como partes fundamentales para el funcionamiento de la empresa, y tenemos en cuenta sus opiniones para aplicarlas como medidas de mejora.<\/li><\/ol>\n\n\n\n<ol class=\"wp-block-list\"><li>ASCENSORES SERKI, como empresa comprometida con la calidad y con el prop\u00f3sito de ofrecer la m\u00e1xima calidad a los clientes, establece el compromiso de&nbsp;<strong>mejora continua<\/strong>&nbsp;en la eficacia de su Sistema de Gesti\u00f3n de calidad y en sus actividades y servicios.<\/li><\/ol>\n\n\n\n<ol class=\"wp-block-list\"><li>Para dar vida a los compromisos de satisfacci\u00f3n de los clientes y de mejora continua, se contempla la cualificaci\u00f3n del personal de ASCENSORES SERKI, mediante la formaci\u00f3n, motivaci\u00f3n y comunicaci\u00f3n.<\/li><\/ol>\n\n\n\n<ol class=\"wp-block-list\"><li>Es responsabilidad de todos los integrantes de la empresa el buen funcionamiento del Sistema de Gesti\u00f3n de la Calidad, siendo su m\u00e1ximo responsable la Gerencia de ASCENSORES SERKI.<\/li><\/ol>\n\n\n\n<p>La calidad, desde la asunci\u00f3n de estos principios, forma parte de la gesti\u00f3n empresarial de ASCENSORES SERKI y para cumplir con ellos es necesaria la implicaci\u00f3n de todos los integrantes de la empresa.<\/p>\n\n\n\n<p>Puedes descargar nuestro cerficado de calidad ISO 9001:2015 otorgado por la certificado SGS. <\/p>\n\n\n\n<div class=\"wp-block-file aligncenter\"><a href=\"https:\/\/serki.es\/wp-content\/uploads\/2022\/07\/CERTF.-ED-5.pdf\" target=\"_blank\" rel=\"noreferrer noopener\"><strong><span style=\"color:#099350\" class=\"tadv-color\">CERTIFICADO DE CALIDAD<\/span><\/strong><\/a><\/div>\n\n\n\n<p class=\"has-text-align-right has-small-font-size\"><small>Revisi\u00f3n 02. Revisado y aprovado por Gerencia el 24 abril 2019<\/small><\/p>","protected":false},"excerpt":{"rendered":"<p>ASCENSORES SERKI desde su constituci\u00f3n ha basado su oferta profesional en el mantenimiento, reparaci\u00f3n e instalaci\u00f3n de ascensores hidr\u00e1ulicos y el\u00e9ctricos, plataformas elevadoras y mantenimiento y reparaci\u00f3n de montacohes, ofreciendo siempre como<a class=\"moretag\" href=\"https:\/\/serki.es\/en\/politica-calidad\">Read More&#8230;<\/a><\/p>","protected":false},"author":1,"featured_media":0,"parent":0,"menu_order":0,"comment_status":"closed","ping_status":"closed","template":"","meta":{"_et_pb_use_builder":"","_et_pb_old_content":"","_et_gb_content_width":"","footnotes":""},"class_list":["post-401","page","type-page","status-publish","hentry"],"_links":{"self":[{"href":"https:\/\/serki.es\/en\/wp-json\/wp\/v2\/pages\/401","targetHints":{"allow":["GET"]}}],"collection":[{"href":"https:\/\/serki.es\/en\/wp-json\/wp\/v2\/pages"}],"about":[{"href":"https:\/\/serki.es\/en\/wp-json\/wp\/v2\/types\/page"}],"author":[{"embeddable":true,"href":"https:\/\/serki.es\/en\/wp-json\/wp\/v2\/users\/1"}],"replies":[{"embeddable":true,"href":"https:\/\/serki.es\/en\/wp-json\/wp\/v2\/comments?post=401"}],"version-history":[{"count":8,"href":"https:\/\/serki.es\/en\/wp-json\/wp\/v2\/pages\/401\/revisions"}],"predecessor-version":[{"id":2351,"href":"https:\/\/serki.es\/en\/wp-json\/wp\/v2\/pages\/401\/revisions\/2351"}],"wp:attachment":[{"href":"https:\/\/serki.es\/en\/wp-json\/wp\/v2\/media?parent=401"}],"curies":[{"name":"wp","href":"https:\/\/api.w.org\/{rel}","templated":true}]}}