{"id":287,"date":"2020-04-22T07:39:49","date_gmt":"2020-04-22T07:39:49","guid":{"rendered":"https:\/\/serki.es\/?page_id=287"},"modified":"2020-04-28T11:51:03","modified_gmt":"2020-04-28T09:51:03","slug":"mantenimiento-preventivo","status":"publish","type":"page","link":"https:\/\/serki.es\/en\/conocenos\/que-hacemos\/mantenimiento-preventivo","title":{"rendered":"Preventive maintenance"},"content":{"rendered":"<p class=\"has-text-align-center has-large-font-size\">Multi-brand elevator maintenance<\/p>\n\n\n\n<div class=\"wp-block-media-text alignwide is-stacked-on-mobile\" style=\"grid-template-columns:48% auto\"><figure class=\"wp-block-media-text__media\"><img loading=\"lazy\" decoding=\"async\" width=\"1024\" height=\"768\" src=\"https:\/\/serki.es\/wp-content\/uploads\/2020\/04\/Mantenimiento-sala-maq-1024x768.jpg\" alt=\"\" class=\"wp-image-288\" srcset=\"https:\/\/serki.es\/wp-content\/uploads\/2020\/04\/Mantenimiento-sala-maq-1024x768.jpg 1024w, https:\/\/serki.es\/wp-content\/uploads\/2020\/04\/Mantenimiento-sala-maq-300x225.jpg 300w, https:\/\/serki.es\/wp-content\/uploads\/2020\/04\/Mantenimiento-sala-maq-768x576.jpg 768w, https:\/\/serki.es\/wp-content\/uploads\/2020\/04\/Mantenimiento-sala-maq.jpg 1440w\" sizes=\"auto, (max-width: 1024px) 100vw, 1024px\" \/><\/figure><div class=\"wp-block-media-text__content\">\n<p class=\"has-text-align-center\">We have a team of technicians specialized in Preventive and Corrective Maintenance of lifts, with more than 15 years of experience in the sector. We bet on the continuous learning of our technicians to be aware of new technologies.<\/p>\n\n\n\n<p class=\"has-text-align-center\">To ensure its correct operation and extend its useful life, it is essential to perform a good and professional maintenance on the appliance.<\/p>\n\n\n\n<p class=\"has-text-align-center\">In addition, we have a large number of spare parts to quickly solve elevator problems of any brand and age, being able to save emergency situations with the speed and quality they need.<\/p>\n<\/div><\/div>\n\n\n\n<div style=\"height:63px\" aria-hidden=\"true\" class=\"wp-block-spacer\"><\/div>\n\n\n\n<div class=\"wp-block-buttons aligncenter is-layout-flex wp-block-buttons-is-layout-flex\">\n<div class=\"wp-block-button\"><a class=\"wp-block-button__link has-text-color has-very-light-gray-color has-background\" href=\"https:\/\/serki.es\/en\/formulario-contacto-mantenimiento\/\" style=\"background-color:#099350\"><span style=\"color:#eeeeee\" class=\"tadv-color\">I want a quote<\/span><\/a><\/div>\n\n\n\n<div class=\"wp-block-button\"><a class=\"wp-block-button__link has-text-color has-very-dark-gray-color has-background has-very-light-gray-background-color\" href=\"https:\/\/serki.es\/en\/contacto\/\">I want more information<\/a><\/div>\n<\/div>","protected":false},"excerpt":{"rendered":"<p>Mantenimiento Ascensores Multimarca Disponemos de un equipo de t\u00e9cnicos especializados en el Mantenimiento Preventivo y Correctivo de ascensores, con m\u00e1s de 15 a\u00f1os de experiencia en el sector. Apostamos por la formaci\u00f3n<a class=\"moretag\" href=\"https:\/\/serki.es\/en\/conocenos\/que-hacemos\/mantenimiento-preventivo\">Read More&#8230;<\/a><\/p>","protected":false},"author":1,"featured_media":0,"parent":15,"menu_order":0,"comment_status":"closed","ping_status":"closed","template":"","meta":{"_et_pb_use_builder":"","_et_pb_old_content":"","_et_gb_content_width":"","footnotes":""},"class_list":["post-287","page","type-page","status-publish","hentry"],"_links":{"self":[{"href":"https:\/\/serki.es\/en\/wp-json\/wp\/v2\/pages\/287","targetHints":{"allow":["GET"]}}],"collection":[{"href":"https:\/\/serki.es\/en\/wp-json\/wp\/v2\/pages"}],"about":[{"href":"https:\/\/serki.es\/en\/wp-json\/wp\/v2\/types\/page"}],"author":[{"embeddable":true,"href":"https:\/\/serki.es\/en\/wp-json\/wp\/v2\/users\/1"}],"replies":[{"embeddable":true,"href":"https:\/\/serki.es\/en\/wp-json\/wp\/v2\/comments?post=287"}],"version-history":[{"count":13,"href":"https:\/\/serki.es\/en\/wp-json\/wp\/v2\/pages\/287\/revisions"}],"predecessor-version":[{"id":517,"href":"https:\/\/serki.es\/en\/wp-json\/wp\/v2\/pages\/287\/revisions\/517"}],"up":[{"embeddable":true,"href":"https:\/\/serki.es\/en\/wp-json\/wp\/v2\/pages\/15"}],"wp:attachment":[{"href":"https:\/\/serki.es\/en\/wp-json\/wp\/v2\/media?parent=287"}],"curies":[{"name":"wp","href":"https:\/\/api.w.org\/{rel}","templated":true}]}}